{"id":93,"date":"2023-03-11T16:02:22","date_gmt":"2023-03-11T16:02:22","guid":{"rendered":"https:\/\/ib.innovative-lab.de\/?page_id=93"},"modified":"2023-03-26T11:36:24","modified_gmt":"2023-03-26T11:36:24","slug":"jobs","status":"publish","type":"page","link":"https:\/\/ib.innovative-lab.de\/index.php\/jobs\/","title":{"rendered":"Jobs"},"content":{"rendered":"\t\t<div data-elementor-type=\"wp-page\" data-elementor-id=\"93\" class=\"elementor elementor-93\" data-elementor-post-type=\"page\">\n\t\t\t\t\t\t<section class=\"elementor-section elementor-top-section elementor-element elementor-element-23073c4b elementor-section-height-min-height elementor-hidden-desktop elementor-hidden-tablet elementor-hidden-mobile elementor-section-boxed elementor-section-height-default elementor-section-items-middle\" data-id=\"23073c4b\" data-element_type=\"section\" data-e-type=\"section\" data-settings=\"{&quot;background_background&quot;:&quot;classic&quot;}\">\n\t\t\t\t\t\t\t<div class=\"elementor-background-overlay\"><\/div>\n\t\t\t\t\t\t\t<div class=\"elementor-container elementor-column-gap-default\">\n\t\t\t\t\t<div class=\"elementor-column elementor-col-100 elementor-top-column elementor-element elementor-element-171dd6e5\" data-id=\"171dd6e5\" data-element_type=\"column\" data-e-type=\"column\">\n\t\t\t<div class=\"elementor-widget-wrap elementor-element-populated\">\n\t\t\t\t\t\t<div class=\"elementor-element elementor-element-44ed64ed elementor-widget elementor-widget-heading\" data-id=\"44ed64ed\" data-element_type=\"widget\" data-e-type=\"widget\" data-widget_type=\"heading.default\">\n\t\t\t\t<div class=\"elementor-widget-container\">\n\t\t\t\t\t<h2 class=\"elementor-heading-title elementor-size-default\">Jobs<\/h2>\t\t\t\t<\/div>\n\t\t\t\t<\/div>\n\t\t\t\t\t<\/div>\n\t\t<\/div>\n\t\t\t\t\t<\/div>\n\t\t<\/section>\n\t\t\t\t<section class=\"elementor-section elementor-top-section elementor-element elementor-element-d339e36 elementor-section-height-min-height elementor-section-full_width elementor-section-height-default elementor-section-items-middle\" data-id=\"d339e36\" data-element_type=\"section\" data-e-type=\"section\" data-settings=\"{&quot;background_background&quot;:&quot;classic&quot;}\">\n\t\t\t\t\t\t\t<div class=\"elementor-background-overlay\"><\/div>\n\t\t\t\t\t\t\t<div class=\"elementor-container elementor-column-gap-default\">\n\t\t\t\t\t<div class=\"elementor-column elementor-col-66 elementor-top-column elementor-element elementor-element-de688e1\" data-id=\"de688e1\" data-element_type=\"column\" data-e-type=\"column\" data-settings=\"{&quot;background_background&quot;:&quot;gradient&quot;}\">\n\t\t\t<div class=\"elementor-widget-wrap elementor-element-populated\">\n\t\t\t\t\t\t<div class=\"elementor-element elementor-element-ba7d4a9 elementor-widget elementor-widget-heading\" data-id=\"ba7d4a9\" data-element_type=\"widget\" data-e-type=\"widget\" data-widget_type=\"heading.default\">\n\t\t\t\t<div class=\"elementor-widget-container\">\n\t\t\t\t\t<h2 class=\"elementor-heading-title elementor-size-default\">Jobs<\/h2>\t\t\t\t<\/div>\n\t\t\t\t<\/div>\n\t\t\t\t<div class=\"elementor-element elementor-element-6c94902 elementor-hidden-desktop elementor-hidden-tablet elementor-hidden-mobile elementor-widget elementor-widget-text-editor\" data-id=\"6c94902\" data-element_type=\"widget\" data-e-type=\"widget\" data-widget_type=\"text-editor.default\">\n\t\t\t\t<div class=\"elementor-widget-container\">\n\t\t\t\t\t\t\t\t\t<div class=\"page\" title=\"Page 2\"><div class=\"section\"><div class=\"layoutArea\"><div class=\"column\"><div class=\"page\" title=\"Page 2\"><div class=\"section\"><div class=\"layoutArea\"><div class=\"column\"><div class=\"page\" title=\"Page 4\"><div class=\"section\"><div class=\"layoutArea\"><div class=\"column\"><p>Komplette Demontage eines 50 to. Bolzen-Glu\u0308hofens inkl. Verpacken und Verladen<\/p><\/div><\/div><\/div><\/div><\/div><\/div><\/div><\/div><\/div><\/div><\/div><\/div>\t\t\t\t\t\t\t\t<\/div>\n\t\t\t\t<\/div>\n\t\t\t\t<div class=\"elementor-element elementor-element-f7a9986 elementor-align-center elementor-hidden-desktop elementor-hidden-tablet elementor-hidden-mobile elementor-widget elementor-widget-button\" data-id=\"f7a9986\" data-element_type=\"widget\" data-e-type=\"widget\" data-widget_type=\"button.default\">\n\t\t\t\t<div class=\"elementor-widget-container\">\n\t\t\t\t\t\t\t\t\t<div class=\"elementor-button-wrapper\">\n\t\t\t\t\t<a class=\"elementor-button elementor-button-link elementor-size-md\" href=\"#\">\n\t\t\t\t\t\t<span class=\"elementor-button-content-wrapper\">\n\t\t\t\t\t\t\t\t\t<span class=\"elementor-button-text\">Mehr erfahren<\/span>\n\t\t\t\t\t<\/span>\n\t\t\t\t\t<\/a>\n\t\t\t\t<\/div>\n\t\t\t\t\t\t\t\t<\/div>\n\t\t\t\t<\/div>\n\t\t\t\t\t<\/div>\n\t\t<\/div>\n\t\t\t\t<div class=\"elementor-column elementor-col-33 elementor-top-column elementor-element elementor-element-2ce410d elementor-hidden-mobile\" data-id=\"2ce410d\" data-element_type=\"column\" data-e-type=\"column\">\n\t\t\t<div class=\"elementor-widget-wrap\">\n\t\t\t\t\t\t\t<\/div>\n\t\t<\/div>\n\t\t\t\t\t<\/div>\n\t\t<\/section>\n\t\t\t\t<section class=\"elementor-section elementor-top-section elementor-element elementor-element-52adee46 elementor-section-boxed elementor-section-height-default elementor-section-height-default\" data-id=\"52adee46\" data-element_type=\"section\" data-e-type=\"section\">\n\t\t\t\t\t\t<div class=\"elementor-container elementor-column-gap-default\">\n\t\t\t\t\t<div class=\"elementor-column elementor-col-100 elementor-top-column elementor-element elementor-element-26b2d3bb\" data-id=\"26b2d3bb\" data-element_type=\"column\" data-e-type=\"column\">\n\t\t\t<div class=\"elementor-widget-wrap elementor-element-populated\">\n\t\t\t\t\t\t<div class=\"elementor-element elementor-element-a9d39ed elementor-widget elementor-widget-toggle\" data-id=\"a9d39ed\" data-element_type=\"widget\" data-e-type=\"widget\" data-widget_type=\"toggle.default\">\n\t\t\t\t<div class=\"elementor-widget-container\">\n\t\t\t\t\t\t\t<div class=\"elementor-toggle\">\n\t\t\t\t\t\t\t<div class=\"elementor-toggle-item\">\n\t\t\t\t\t<div id=\"elementor-tab-title-1781\" class=\"elementor-tab-title\" data-tab=\"1\" role=\"button\" aria-controls=\"elementor-tab-content-1781\" aria-expanded=\"false\">\n\t\t\t\t\t\t\t\t\t\t\t\t<span class=\"elementor-toggle-icon elementor-toggle-icon-right\" aria-hidden=\"true\">\n\t\t\t\t\t\t\t\t\t\t\t\t\t\t\t<span class=\"elementor-toggle-icon-closed\"><i class=\"fas fa-chevron-down\"><\/i><\/span>\n\t\t\t\t\t\t\t\t<span class=\"elementor-toggle-icon-opened\"><i class=\"elementor-toggle-icon-opened fas fa-chevron-up\"><\/i><\/span>\n\t\t\t\t\t\t\t\t\t\t\t\t\t<\/span>\n\t\t\t\t\t\t\t\t\t\t\t\t<a class=\"elementor-toggle-title\" tabindex=\"0\">Elektriker\/ Mechaniker\/ Mechatroniker (m\/w) mit Perspektive zum Service-Techniker\/ Inbetriebnehmer (m\/w)<\/a>\n\t\t\t\t\t<\/div>\n\n\t\t\t\t\t<div id=\"elementor-tab-content-1781\" class=\"elementor-tab-content elementor-clearfix\" data-tab=\"1\" role=\"region\" aria-labelledby=\"elementor-tab-title-1781\"><div class=\"accordion-heading\">Arbeitsplatz; Sozialversicherungspflichtige Besch\u00e4ftigung<\/div><div id=\"elektrikermechanikermechatronikermwmitperspektivezumservicetechnikerinbetriebnehmermw7068\" class=\"accordion-body collapse in\"><div class=\"accordion-inner\"><p><span class=\"lila\">Da wollen Sie hin:<\/span><br \/><strong class=\"lila\">\u00bb<\/strong>\u00a0Inbetriebnahme und Anlaufunterst\u00fctzung von Anlagen bei unseren Kunden<\/p><p><strong class=\"lila\">\u00bb<\/strong>\u00a0Installation und Service der Anlagen sowohl elektrisch als auch mechanisch<\/p><p><strong class=\"lila\">\u00bb<\/strong>\u00a0Betreuung und Ausf\u00fchrung von Wartungsma\u00dfnahmen \/ ISO<\/p><p><strong class=\"lila\">\u00bb<\/strong>\u00a0Beheben von St\u00f6rungen \/ ISO<\/p><p><strong class=\"lila\">\u00bb<\/strong>\u00a0Betreuung des Kunden vor Ort \/ ISO<\/p><p><span class=\"lila\">Das bringen Sie mit:<\/span><br \/><strong class=\"lila\">\u00bb<\/strong>\u00a0Abgeschlossene Berufsausbildung zum Mechatroniker, Elektriker\/Elektroniker<br \/>oder Maschinenbauer \/ ISO<br \/><strong class=\"lila\">\u00bb<\/strong>\u00a0PC-Kenntnisse<br \/><strong class=\"lila\">\u00bb<\/strong>\u00a0Gute Kenntniise in Microsoft Office<br \/><strong class=\"lila\">\u00bb<\/strong>\u00a0Verbindliches und freundliches Auftreten, hohe Einsatzbereitschaft und Selbstst\u00e4ndigkeit<br \/><strong class=\"lila\">\u00bb<\/strong>\u00a0Reisebereitschaft<\/p><p><span class=\"lila\">Das bieten wir Ihen:\u00a0<\/span><br \/><strong class=\"lila\">\u00bb<\/strong>\u00a0Berufseinsteigern die M\u00f6glichkeit, sich fachliches Know-How sowohl intern als auch extern aufzubauen, sich pers\u00f6nlich zu entwickeln sowie eine langfristige gemeinsame Zukunft bei Industriemontagen Bauer GmbH mit weiteren Perspektiven<br \/><strong class=\"lila\">\u00bb<\/strong>\u00a0Herausfordernde und abwechslungsreiche Aufgaben in einem stetig wachsenden Unternehmen<br \/><strong class=\"lila\">\u00bb<\/strong>\u00a0Attraktive Verdienstm\u00f6glichkeiten<br \/><strong class=\"lila\">\u00bb<\/strong>\u00a0Weiterbildungsm\u00f6glichkeiten\u00a0<br \/><strong class=\"lila\">\u00bb<\/strong>\u00a0Umfassende Einarbeitung\u00a0<\/p><p>Dann freuen wir uns auf Ihre Bewerbungsunterlagen.<\/p><p><strong>Rahmenkonditionen:<\/strong><br \/>Unbefristet<br \/>Arbeitszeiten: Vollzeit<br \/>\u00dcberstunden: sind m\u00f6glich<\/p><p><strong>Fr\u00fchester Eintrittstermin:<\/strong><br \/>ab sofort<\/p><p><strong>Schicken Sie Ihre Bewerbungsunterlagen\u00a0<a class=\"lila\" href=\"mailto:info@imo-bauer.de\">per Mail<\/a>\u00a0oder\u00a0per Post\u00a0an Herrn H. Bauer<\/strong><\/p><\/div><\/div><\/div>\n\t\t\t\t<\/div>\n\t\t\t\t\t\t\t<div class=\"elementor-toggle-item\">\n\t\t\t\t\t<div id=\"elementor-tab-title-1782\" class=\"elementor-tab-title\" data-tab=\"2\" role=\"button\" aria-controls=\"elementor-tab-content-1782\" aria-expanded=\"false\">\n\t\t\t\t\t\t\t\t\t\t\t\t<span class=\"elementor-toggle-icon elementor-toggle-icon-right\" aria-hidden=\"true\">\n\t\t\t\t\t\t\t\t\t\t\t\t\t\t\t<span class=\"elementor-toggle-icon-closed\"><i class=\"fas fa-chevron-down\"><\/i><\/span>\n\t\t\t\t\t\t\t\t<span class=\"elementor-toggle-icon-opened\"><i class=\"elementor-toggle-icon-opened fas fa-chevron-up\"><\/i><\/span>\n\t\t\t\t\t\t\t\t\t\t\t\t\t<\/span>\n\t\t\t\t\t\t\t\t\t\t\t\t<a class=\"elementor-toggle-title\" tabindex=\"0\"> ISO - Vorrichter m\/w (Rohrvorrichter\/in)<\/a>\n\t\t\t\t\t<\/div>\n\n\t\t\t\t\t<div id=\"elementor-tab-content-1782\" class=\"elementor-tab-content elementor-clearfix\" data-tab=\"2\" role=\"region\" aria-labelledby=\"elementor-tab-title-1782\"><p>Arbeitsplatz; Sozialversicherungspflichtige Besch\u00e4ftigung<\/p><p>\u00a0<\/p><p><strong>Stellenzahl:<\/strong>\u00a0<br \/>5<\/p><p>\u00a0<\/p><p><strong>Stellenbeschreibung:<\/strong><br \/>Wertsch\u00e4tzung unserer Mitarbeiter, Kompetenz und das vertrauensvolle wie pers\u00f6nliche Miteinander sind die Werte, die unsere Arbeit am besten beschreiben.<\/p><p>Wir suchen ab sofort mehrere versierte Vorrichter ISO m\/w national aber auch zeitweise auf internationalen Montageeins\u00e4tzen.<\/p><p>\u00a0<\/p><p><span class=\"lila\">Ihre Aufgaben:<\/span><br \/><strong class=\"lila\">\u00bb<\/strong>\u00a0Rohrmontage nach technischer Zeichnung \/ ISO<br \/><strong class=\"lila\">\u00bb<\/strong>\u00a0Bearbeitung, Verformung und Umformung von Rohrleitungen<br \/><strong class=\"lila\">\u00bb<\/strong>\u00a0Vorbereitungen f\u00fcr die Rohrschwei\u00dfer selbstst\u00e4ndige Arbeitsvorbereitungen<\/p><p>\u00a0<\/p><p><span class=\"lila\">Ihr Profil:\u00a0<\/span><br \/><strong class=\"lila\">\u00bb<\/strong>\u00a0abgeschlossene Berufsausbildung im Bereich Rohrleitungsbau<br \/><strong class=\"lila\">\u00bb<\/strong>\u00a0ersatzweise ohne entsprechende Ausbildung, wenn Sie \u00fcber langj\u00e4hrige Berufserfahrung im Rohrleitungsbau verf\u00fcgen<br \/><strong class=\"lila\">\u00bb<\/strong>\u00a0Sie verf\u00fcgen \u00fcber Kenntnisse im ISO Vorrichten und beherrschen das Lesen von technischen Zeichnungen<br \/><strong class=\"lila\">\u00bb<\/strong>\u00a0Sie arbeiten gerne im Team und sind flexibel wie kompetent in Ihrem Handwerk?\u00a0<br \/>Dann freuen wir uns auf Ihre Bewerbungsunterlagen.<br \/><br \/><\/p><p><strong>Rahmenkonditionen:<\/strong><br \/>Unbefristet<br \/>Arbeitszeiten: Vollzeit<br \/>\u00dcberstunden: sind m\u00f6glich<\/p><p>\u00a0<\/p><p><strong>Mobilit\u00e4t:<\/strong><br \/>Reisebereitschaft<\/p><p>\u00a0<\/p><p><strong>Fr\u00fchester Eintrittstermin:<\/strong><br \/>ab sofort<\/p><p>\u00a0<\/p><p><strong>Schicken Sie Ihre Bewerbungsunterlagen\u00a0<a class=\"lila\" href=\"mailto:info@imo-bauer.de\">per Mail<\/a>\u00a0oder\u00a0per Post\u00a0an Herrn H. Bauer<\/strong><\/p><\/div>\n\t\t\t\t<\/div>\n\t\t\t\t\t\t\t\t<\/div>\n\t\t\t\t\t\t<\/div>\n\t\t\t\t<\/div>\n\t\t\t\t\t<\/div>\n\t\t<\/div>\n\t\t\t\t\t<\/div>\n\t\t<\/section>\n\t\t\t\t<\/div>\n\t\t","protected":false},"excerpt":{"rendered":"<p>Jobs Jobs Komplette Demontage eines 50 to. Bolzen-Glu\u0308hofens inkl. Verpacken und Verladen Mehr erfahren Elektriker\/ Mechaniker\/ Mechatroniker (m\/w) mit Perspektive zum Service-Techniker\/ Inbetriebnehmer (m\/w) Arbeitsplatz; Sozialversicherungspflichtige Besch\u00e4ftigung Da wollen Sie hin:\u00bb\u00a0Inbetriebnahme und Anlaufunterst\u00fctzung von Anlagen bei unseren Kunden \u00bb\u00a0Installation und Service der Anlagen sowohl elektrisch als auch mechanisch \u00bb\u00a0Betreuung und Ausf\u00fchrung von Wartungsma\u00dfnahmen \/ ISO [&hellip;]<\/p>\n","protected":false},"author":1,"featured_media":0,"parent":0,"menu_order":0,"comment_status":"closed","ping_status":"closed","template":"","meta":{"footnotes":""},"class_list":["post-93","page","type-page","status-publish","hentry"],"_links":{"self":[{"href":"https:\/\/ib.innovative-lab.de\/index.php\/wp-json\/wp\/v2\/pages\/93","targetHints":{"allow":["GET"]}}],"collection":[{"href":"https:\/\/ib.innovative-lab.de\/index.php\/wp-json\/wp\/v2\/pages"}],"about":[{"href":"https:\/\/ib.innovative-lab.de\/index.php\/wp-json\/wp\/v2\/types\/page"}],"author":[{"embeddable":true,"href":"https:\/\/ib.innovative-lab.de\/index.php\/wp-json\/wp\/v2\/users\/1"}],"replies":[{"embeddable":true,"href":"https:\/\/ib.innovative-lab.de\/index.php\/wp-json\/wp\/v2\/comments?post=93"}],"version-history":[{"count":52,"href":"https:\/\/ib.innovative-lab.de\/index.php\/wp-json\/wp\/v2\/pages\/93\/revisions"}],"predecessor-version":[{"id":614,"href":"https:\/\/ib.innovative-lab.de\/index.php\/wp-json\/wp\/v2\/pages\/93\/revisions\/614"}],"wp:attachment":[{"href":"https:\/\/ib.innovative-lab.de\/index.php\/wp-json\/wp\/v2\/media?parent=93"}],"curies":[{"name":"wp","href":"https:\/\/api.w.org\/{rel}","templated":true}]}}